{"id":331,"date":"2025-07-16T10:07:17","date_gmt":"2025-07-16T10:07:17","guid":{"rendered":"https:\/\/delo.gsv.si\/?page_id=331"},"modified":"2025-07-16T10:07:17","modified_gmt":"2025-07-16T10:07:17","slug":"koncertni-bonton","status":"publish","type":"page","link":"https:\/\/delo.gsv.si\/?page_id=331","title":{"rendered":"Koncertni bonton"},"content":{"rendered":"\n<figure class=\"wp-block-table\"><table class=\"has-fixed-layout\"><tbody><tr><td>Bonton za obiskovalce<\/td><td><a>Koncertni bonton<\/a> Ne le na \u0161olskih nastopih, temve\u010d na vseh klasi\u010dnih in podobnih glasbenih prireditvah veljajo naslednja pravila. &nbsp; Na prireditev pridemo to\u010dno, \u0161e bolje pa 5 do 10 minut pred za\u010detkom. Tako si bomo lahko mirno izbrali sede\u017e.\u010ce zamudimo, v dvorano vstopimo med aplavzom. Da s svojim prihodom ne bi motili drugih obiskovalcev, to storimo \u010dim ti\u0161je in poi\u0161\u010demo najbli\u017eji prosti sede\u017e.Z mirnim in zbranim poslu\u0161anjem nastopajo\u010dim izkazujemo spo\u0161tovanje. Zato se med nastopom ne pogovarjamo, zehamo, hodimo po dvorani ali povzro\u010damo drugih \u0161umov (na primer brskanje po torbici, \u0161umenje s programskimi listi, ropotanje s stoli).Mobilne telefone izklopimo pred nastopom, ostale piskajo\u010de naprave pa pustimo doma.\u010ce smo prehlajeni, se koncerta ne udele\u017eimo. Kadar se zgodi, da moramo med nastopom zaka\u0161ljati, se potrudimo, da to storimo kolikor mogo\u010de tiho ali med aplavzom.Otrok, ki so premajhni, da bi na nastopu zdr\u017eali mirno in tiho, ne pripeljemo na nastop. Dolgo\u010dasili se bodo ter tako motili nastopajo\u010de in poslu\u0161alce.<strong> <\/strong>Ko pride nastopajo\u010di na oder, mu zaploskamo.Nekatere skladbe so razdeljene na dele, imenovane stavki, med katerimi je trenutek ti\u0161ine. Ploskamo \u0161ele ob koncu skladbe in ne po vsakem stavku. \u010ce ne poznamo izvajanega dela, po\u010dakamo, da zaploskajo drugi.Med igranjem se ne presedamo in ne hodimo po dvorani. \u010ce moramo vseeno zapustiti sede\u017e, to storimo med aplavzom.Vljuden in spo\u0161tljiv odnos do vseh nastopajo\u010dih poka\u017eemo tudi s tem, da koncerta ne zapu\u0161\u010damo pred\u010dasno.Fotografiranje in snemanje \u2013 razen lastnega otroka \u2013 ni dovoljeno.Ob posebno dobrem nastopu lahko nastopajo\u010dega nagradimo z dalj\u0161im in mo\u010dnej\u0161im aplavzom. &nbsp; &nbsp;S tak\u0161nim ravnanjem izka\u017eemo spo\u0161tovanje ter kulturen odnos do nastopajo\u010dih in ostalih poslu\u0161alcev. <strong>&nbsp;<\/strong><\/td><\/tr><tr><td>10 pravil za nastopajo\u010de<\/td><td><img decoding=\"async\" width=\"118\" height=\"138\" src=\"\">10 pravil za nastopajo\u010de Pravila obla\u010denje veljajo za vse nastopajo\u010de tako soliste, kot \u010dlane komornih skupin in \u010dlane orkestrov.U\u010denci se za nastop primerno oble\u010dejo in obujejo. Jeans hla\u010de (kavbojke), \u0161portna obla\u010dila (trenerka, tekmovalni dres) in \u0161portni \u010devlji (superge, planinski \u010devlji) niso primerni za nastop. U\u010denci si pri\u010desko uredijo tako, da jih med nastopom lasje ne ovirajo in jim ne lezejo na obraz. Namerno skrivanje obraza za lase in prekrivanje obraza z lasmi, na odru ni primerno.U\u010denci se pri prihodu na oder priklonijo. S tem izrazijo spo\u0161tovanje do vseh, ki so jih pri\u0161li poslu\u0161at. V kolikor u\u010denec pri nastopu potrebuje note, jih pripravi \u0161ele po priklonu. Po nastopu se u\u010denci s poklonom zahvali publiki za njihov aplavz. V kolikor je u\u010denec za nastop potreboval note, ji pospravi \u0161ele po priklonu. U\u010denci se po svojem nastopu lahko pridru\u017eijo poslu\u0161alcem v dvorani. Domov odidejo \u0161ele ob koncu nastopa. Enaka pravila poklanjanja veljajo tudi za skupino u\u010dencev, ki nastopajo brez dirigenta. Pri nastopu orkestrov pa u\u010denci glede obna\u0161anja na odru sledijo navodilom dirigenta.<\/td><\/tr><\/tbody><\/table><\/figure>\n","protected":false},"excerpt":{"rendered":"<p>Bonton za obiskovalce Koncertni bonton Ne le na \u0161olskih nastopih, temve\u010d na vseh klasi\u010dnih in podobnih glasbenih prireditvah veljajo naslednja pravila. &nbsp; Na prireditev pridemo to\u010dno, \u0161e bolje pa 5 do 10 minut pred za\u010detkom. Tako si bomo lahko mirno izbrali sede\u017e.\u010ce zamudimo, v dvorano vstopimo med aplavzom. Da s svojim prihodom ne bi motili [&hellip;]<\/p>\n","protected":false},"author":1,"featured_media":0,"parent":0,"menu_order":0,"comment_status":"closed","ping_status":"closed","template":"","meta":{"footnotes":""},"class_list":["post-331","page","type-page","status-publish","hentry"],"_links":{"self":[{"href":"https:\/\/delo.gsv.si\/index.php?rest_route=\/wp\/v2\/pages\/331","targetHints":{"allow":["GET"]}}],"collection":[{"href":"https:\/\/delo.gsv.si\/index.php?rest_route=\/wp\/v2\/pages"}],"about":[{"href":"https:\/\/delo.gsv.si\/index.php?rest_route=\/wp\/v2\/types\/page"}],"author":[{"embeddable":true,"href":"https:\/\/delo.gsv.si\/index.php?rest_route=\/wp\/v2\/users\/1"}],"replies":[{"embeddable":true,"href":"https:\/\/delo.gsv.si\/index.php?rest_route=%2Fwp%2Fv2%2Fcomments&post=331"}],"version-history":[{"count":1,"href":"https:\/\/delo.gsv.si\/index.php?rest_route=\/wp\/v2\/pages\/331\/revisions"}],"predecessor-version":[{"id":332,"href":"https:\/\/delo.gsv.si\/index.php?rest_route=\/wp\/v2\/pages\/331\/revisions\/332"}],"wp:attachment":[{"href":"https:\/\/delo.gsv.si\/index.php?rest_route=%2Fwp%2Fv2%2Fmedia&parent=331"}],"curies":[{"name":"wp","href":"https:\/\/api.w.org\/{rel}","templated":true}]}}