{"id":327,"date":"2025-07-16T10:06:23","date_gmt":"2025-07-16T10:06:23","guid":{"rendered":"https:\/\/delo.gsv.si\/?page_id=327"},"modified":"2025-07-16T10:06:23","modified_gmt":"2025-07-16T10:06:23","slug":"vpis","status":"publish","type":"page","link":"https:\/\/delo.gsv.si\/?page_id=327","title":{"rendered":"Vpis"},"content":{"rendered":"\n<ol class=\"wp-block-list\">\n<li><strong>Kvadratek VPIS<\/strong><\/li>\n<\/ol>\n\n\n\n<figure class=\"wp-block-table\"><table class=\"has-fixed-layout\"><tbody><tr><td>Kaj morate vedeti pred vpisom?<\/td><td>Program glasba zajema in\u0161trumente in petje. Program ples pa plesno pripravnico in balet. \u010ce ste v dvomih, kateri program oz predmet izbrati, vas vabimo na <strong>GLASBA <\/strong>in <strong>BALET<\/strong> (link do kvadratka GLASBA in BALET), kjer boste o posameznih programih izvedeli \u0161e ve\u010d.<strong><\/strong> <strong>PRIPORO\u010cLJIVA STAROST ZA VPIS V PROGRAME<\/strong> Pred\u0161olska glasbena vzgoja : 5 let<br>Glasbena pripravnica : 6 let (1. razred O\u0160)<br>Plesna pripravnica: 6 \u2013 8 let (1. \u2013 3. razred O\u0160)<br>Balet: 8 \u2013 11 let (opravljen program plesne pripravnice <strong>ni<\/strong> pogoj za sprejem na balet) Glasbeni in\u0161trumenti in solo petje: od 7 let (2. razred O\u0160) do: klavir: do 9 let violina do 9 let viola do 13 let violon\u010delo do 9 let kontrabas do 18 let kitara do 10 let harmonika do 9 let kljunasta flavta do 9 let flavta do 12 let oboa do 12 let fagot do 18 let klarinet do 12 let saksofon do 12 let rog do 11 let trobenta do 11 let pozavna do 18 let tuba do 18 let tolkala do 12 let orgle od 11 do 18 let (predznanje 4 razredov klavirja) solo petje od 17 do 24 let <strong>Prednost pri sprejemu v glasbeno \u0161olo imajo otroci iz \u0161olskega okoli\u0161a: ob\u010dina Vrhnika, Horjul, Borovnica in Log Dragomer.<\/strong> <strong>IZVAJANJE PROGRAMOV V ENOTAH BOROVNICA in HORJUL<\/strong> V enoti glasbene \u0161ole v<strong>&nbsp;Borovnici<\/strong>&nbsp;razpisujemo naslednje programe: flavta, harmonika, klarinet, klavir, kljunasta flavta, orgle, violina, viola. V enoti glasbene \u0161ole v&nbsp;<strong>Horjulu<\/strong>&nbsp;razpisujemo naslednje programe: flavta, harmonika, klarinet, klavir, kljunasta flavta, violina, viola. <strong>Pogoj za vpis na in\u0161trumente, petje in balet je uspe\u0161no opravljen preizkus glasbene oziroma plesne nadarjenosti.<\/strong> &nbsp; <strong>DODATNE INFORMACIJE<\/strong> Vljudno vabljeni tudi na dan odprtih vrat, ki bo organiziran v mesecu maju 2026 na Vrhniki, kjer si boste lahko v \u017eivo ogledali kako poteka pouk posameznih in\u0161trumentov, petja in plesa. Spremljajte na\u0161o spletno stran ali pa se prijavite na novice (aktivna poveza do prijave) in bodite prvi obve\u0161\u010deni o dogajanju na Glasbeni \u0161oli Vrhnika. Za ve\u010d informacij o poteku pouka v glasbeni \u0161oli, glasbenih in plesnih programih, poteku sprejemnih preizkusov, kriterijih za sprejem in vsem ostalem lahko pokli\u010dete v tajni\u0161tvo glasbene \u0161ole na telefonsko \u0161tevilko 051 649 432 v \u010dasu od 7. do 15. ure ali nam pi\u0161ete na elektronski naslov <a href=\"mailto:gsv@gsv.si\">gsv@gsv.si<\/a>. <strong>Opis programa glasba in programa ples.<\/strong> (hiperpovezava do kvadratkov BALET in GLASBA)<\/td><\/tr><tr><td>e-prijava na vpis<\/td><td>Elektronska prijava na vpis trenutno ni mogo\u010da. Prijave bodo ponovno odprte v mesecu aprilu 2026. <strong>Prijavite se na novice<\/strong>. (povezava)<\/td><\/tr><tr><td>Postopek vpisa<\/td><td>Izpolnite elektronsko prijavnico. Svetujemo vam, da pri izbiri in\u0161trumenta dolo\u010dite vse tri izbire. Prosimo vas, da natan\u010dno vpi\u0161ete kontaktne podatke, sicer vas o nadaljnjih korakih ne moremo obve\u0161\u010dati. V kolikor bo va\u0161 otrok zamaknil \u0161olanje za eno leto, nas na to opozorite s pripisom v opombah. &nbsp; Po oddaji prijavnice, prejmete elektronsko potrditev o prijavi na sprejemne preizkuse. &nbsp; Preko e-po\u0161te prejmete natan\u010den datum in uro, ko bo va\u0161 otrok na vrsti za preizkus. &nbsp; Vpis na programe pred\u0161olska glasbena vzgoja, glasbena pripravnica in plesna pripravnica potekajo do zapolnitve mest. Kriterij za sprejem je ustrezna starost. V primeru prevelikega \u0161tevila prijav imajo prednost starej\u0161i otroci, ki ustrezajo predvidenim starostnim okvirom.<strong>Preizkus glasbene nadarjenosti<\/strong> poteka pred tri\u010dlansko komisijo, sestavljeno iz u\u010diteljev glasbene \u0161ole. Traja pribli\u017eno 5 minut; v tem \u010dasu kandidat zapoje eno ali dve pesmici po lastnem izboru ter ponavlja ritmi\u010dne in glasbene motive, ki mu jih predstavi eden od \u010dlanov komisije.Za vpis na balet se opravi preizkus plesne nadarjenosti. Ta poteka pred tri\u010dlansko komisijo, sestavljeno iz u\u010diteljev glasbene \u0161ole. Traja pribli\u017eno 10 minut, preveri se kandidatove fizi\u010dne predispozicije (izgled celotne figure, mehkost in odprtost kol\u010dnega sklepa, gibljivost in odprtost stopala, gibljivost ahilove tetive, gibljivost hrbtenice) in kandidatove muzikalne in ritmi\u010dne sposobnosti. Kandidatom priporo\u010damo, da pridejo v udobnih oprijetih obla\u010dilih.Informacije o mo\u017enosti vpisa v glasbeno \u0161olo dobijo vsi prijavljeni kandidati po izvedbi sprejemnih preizkusov po po\u0161ti ali elektronski po\u0161ti. Pogoj za vpis na in\u0161trumente, petje in balet je uspe\u0161no opravljen preizkus glasbene oziroma plesne nadarjenosti.Po obvestilu o uspe\u0161no opravljene preizkusu, boste po navadni po\u0161ti prejeli obrazce, ki jih boste izpolnili in odpisane vrnili na glasbeno \u0161olo. V tem trenutku elektronsko podpisovanje dokumentov za vpis v glasbeno \u0161olo \u0161e ni mogo\u010d. Pouk se za\u010dne s 1. septembrom oz prvi septembrski delovni dan.<\/td><\/tr><tr><td>Dan odprtih vrat<\/td><td>Vabilo! &nbsp; Vsako leto v mesecu maju, G\u0160 Vrhnika organizira dan odprtih vrat, kjer si lahko v \u017eivo ogledate potek pouka pri posameznih predmetih. Na ta dan so vam na voljo tudi u\u010ditelji, ki vam bodo z veseljem odgovorili na vsa va\u0161a vpra\u0161anja. Spremljajte tudi na\u0161o spletno stran in pa se prijavite na novice (povezava na obrazec za novice). &nbsp; Vljudno vabljeni!<\/td><\/tr><\/tbody><\/table><\/figure>\n","protected":false},"excerpt":{"rendered":"<p>Kaj morate vedeti pred vpisom? Program glasba zajema in\u0161trumente in petje. Program ples pa plesno pripravnico in balet. \u010ce ste v dvomih, kateri program oz predmet izbrati, vas vabimo na GLASBA in BALET (link do kvadratka GLASBA in BALET), kjer boste o posameznih programih izvedeli \u0161e ve\u010d. PRIPORO\u010cLJIVA STAROST ZA VPIS V PROGRAME Pred\u0161olska glasbena [&hellip;]<\/p>\n","protected":false},"author":1,"featured_media":0,"parent":0,"menu_order":0,"comment_status":"closed","ping_status":"closed","template":"","meta":{"footnotes":""},"class_list":["post-327","page","type-page","status-publish","hentry"],"_links":{"self":[{"href":"https:\/\/delo.gsv.si\/index.php?rest_route=\/wp\/v2\/pages\/327","targetHints":{"allow":["GET"]}}],"collection":[{"href":"https:\/\/delo.gsv.si\/index.php?rest_route=\/wp\/v2\/pages"}],"about":[{"href":"https:\/\/delo.gsv.si\/index.php?rest_route=\/wp\/v2\/types\/page"}],"author":[{"embeddable":true,"href":"https:\/\/delo.gsv.si\/index.php?rest_route=\/wp\/v2\/users\/1"}],"replies":[{"embeddable":true,"href":"https:\/\/delo.gsv.si\/index.php?rest_route=%2Fwp%2Fv2%2Fcomments&post=327"}],"version-history":[{"count":1,"href":"https:\/\/delo.gsv.si\/index.php?rest_route=\/wp\/v2\/pages\/327\/revisions"}],"predecessor-version":[{"id":328,"href":"https:\/\/delo.gsv.si\/index.php?rest_route=\/wp\/v2\/pages\/327\/revisions\/328"}],"wp:attachment":[{"href":"https:\/\/delo.gsv.si\/index.php?rest_route=%2Fwp%2Fv2%2Fmedia&parent=327"}],"curies":[{"name":"wp","href":"https:\/\/api.w.org\/{rel}","templated":true}]}}