{"id":324,"date":"2025-07-16T10:05:33","date_gmt":"2025-07-16T10:05:33","guid":{"rendered":"https:\/\/delo.gsv.si\/?page_id=324"},"modified":"2025-07-16T10:05:33","modified_gmt":"2025-07-16T10:05:33","slug":"pouk","status":"publish","type":"page","link":"https:\/\/delo.gsv.si\/?page_id=324","title":{"rendered":"Pouk"},"content":{"rendered":"\n<ol class=\"wp-block-list\">\n<li><strong>Kvadratek<\/strong> POUK<\/li>\n<\/ol>\n\n\n\n<figure class=\"wp-block-table\"><table class=\"has-fixed-layout\"><tbody><tr><td>POUK Glasba \u2013 in\u0161trument, petjeNauk o glasbi in solfeggioKomorna igraPlesPred\u0161olska glasbena vzgojaGlasbena pripravnicaOrkestri Ocenjevanjeizpiti \u0160olski koledar<\/td><td>(s klikom na POUK, se odpre cel tale okvir\u010dek, s klikom na posamezno alinejo na levi pa se premakne bralec na izbrano temo) POTEK POUKA IN\u0160TRUMENTA IN PETJA Pouk <strong>in\u0161trumentov<\/strong> in <strong>petja<\/strong> poteka individualno, praviloma dvakrat tedensko po 30 ali 45 minut. Pouk <strong>nauka<\/strong> <strong>o<\/strong> <strong>glasbi<\/strong> in <strong><u>solfeggia<\/u><\/strong> (hiperpovezava na razlago: po opravljenih \u0161estih razredih nauka o glasbi, u\u010denec nadaljuje s poukom solfeggia, ki traja dve leti) poteka enkrat tedensko po 90, 60 oz 45 minut. Odvisno od velikosti skupine. Pouk <strong>glasbene<\/strong> <strong>pripravnice<\/strong> in <strong>pred\u0161olske<\/strong> <strong>glasbene<\/strong> vzgoje se izvaja enkrat tedensko 45 oz 60 minut. Odvisno od velikosti skupine. Pouk <strong>plesne pripravnice<\/strong> se izvaja dvakrat tedensko po 45 minut. Pouk <strong>baleta<\/strong> se v 1., 2. in 3. razredu izvaja dvakrat tedensko po 60. V 4., 5. in 6. razredu pa dvakrat tedensko po 90 minut. Pouk <strong>orkestrov<\/strong> se izvaja enkrat tedensko po 60 oz 90 minut. &nbsp; Zelo nadarjeni u\u010denci so lahko dele\u017eni tudi dodatnega pouka v obliki individualnih u\u010dnih ur. K rednem pouku spada tudi sodelovanje na \u0161olskih nastopih (povezava na NASTOPI \u2013 v tem istem okvir\u010dku) in javnih prireditvah.&nbsp; OCENJEVANJE V glasbeni \u0161oli se uporabljajo ocene od 1 do 5. ena (nezadostno), dve (zadostno, tri (dobro), \u0161tiri (prav dobro), pet (odli\u010dno). U\u010denci so \u0161tevil\u010dno ocenjeni od prvega razreda naprej, ocenjuje se jih v dveh ocenjevalnih obdobjih. Poleg sprotnega dela in preverjanja znanja pri nauku o glasbi (ustno in pisno), u\u010denci prejmejo oceno tudi iz nastopanja. &nbsp; IZPITI Letne izpite opravljajo u\u010denci od drugega razreda dalje. Iz predmeta orgle, kontrabas in solo petje pa \u017ee od prvega razreda dalje. Izpite iz baleta se opravlja \u017ee od prvega razreda dalje. Pred\u0161olska glasbena vzgoja, plesna in glasbena pripravnica se ne ocenjujejo. U\u010dencu se izda spri\u010devalo o opravljenem programu. Star\u0161i ne morejo biti navzo\u010di pri opravljanju letnih in popravnih izpitov svojih otrok. &nbsp; \u0160OLSKI KOLEDAR (odpre se pdf od MVI)<\/td><\/tr><tr><td>POUK PO LOKACIJAH<\/td><td>Na lokaciji Vrhnika se pou\u010dujejo naslednji in\u0161trumenti: Godala (violina, viola, violon\u010delo, kontrabas)Pihala (flavta, fagot, klarinet, oboa, saksofon)Trobila (trobenta, pozavna, bariton, tuba)TolkalaKitara (akusti\u010dna kitara)Orgle Klavir Na lokaciji Borovnica se pou\u010duje: Violina, viola, klavir, klarinet, flavta in harmonika Na lokaciji Horjul se pou\u010duje: Violina, viola, klavir, klarinet, flavta in harmonika &nbsp; Nauk o glasbi se pou\u010duje na vseh lokacijah. Vaje orkestrov potekajo na Vrhniki. Pouk glasbene pripravnice in pred\u0161olske glasbene vzgoje se izvaja na Vrhniki. Pouk baleta se izvaja na Vrhniki.<\/td><\/tr><tr><td>URNIKI<\/td><td>\u0160olsko leto 2024\/2025 &nbsp; Orkestri mali godalni orkester: torek, 16.15 \u2013 17.45 harmonikarski orkester: torek, 18.00 \u2013 19.30 kitarski orkester: sreda, 16.00 \u2013 17.00 veliki godalni orkester: \u010detrtek, 17.30 \u2013 19.00 pihalni orkester: petek, 17.00 \u2013 18.30 &nbsp; Nauk o glasbi Horjul \u2013 sreda Borovnica \u2013 ponedeljek<\/td><\/tr><tr><td>Nastopi &nbsp;<\/td><td>Na nastop u\u010denca pripravlja u\u010ditelj. U\u010ditelj dolo\u010di skladbo in datum nastopa. U\u010denec se za na nastop primerno oble\u010de (to bi bila tudi hiperpovezava na kvadratek Bonton \/10 pravil za nastopajo\u010de). Vsi nastopi in koncerti v izvedbi u\u010dencev Glasbene \u0161ole Vrhnika so brezpla\u010dni. Kadar se pri\u010dakuje veliko \u0161tevilo obiskovalcev, glasbena \u0161ola omogo\u010di brezpla\u010dne vstopnice. O tem se naredi predhodna objava. Kadar u\u010denec nastopa na prireditvah, ki jih ne organizira \u0161ola, je o tem predhodno dol\u017ean obvestiti u\u010ditelja, ki ga bo tudi na ta nastop ustrezno pripravil. &nbsp; Termini \u0161olskih in razrednih nastopov: Borovnica \u2013 ponedeljki Horjul \u2013 \u010detrtki Vrhnika \u2013 ponedeljki in srede &nbsp; Koncertni bonton (s kliko pridemo na kvadratek Bonton)<\/td><\/tr><tr><td>OBVEZNOSTI IN DOL\u017dNOSTI U\u010cENCEV &nbsp;<\/td><td>TOLE \u0160E NI DODELANO Pouk Nastopi &#8211; bonton Izpiti Star\u0161i ne morejo biti navzo\u010di pri opravljanju letnih in popravnih izpitov svojih otrok. Hi\u0161ni red &nbsp;<\/td><\/tr><\/tbody><\/table><\/figure>\n","protected":false},"excerpt":{"rendered":"<p>POUK Glasba \u2013 in\u0161trument, petjeNauk o glasbi in solfeggioKomorna igraPlesPred\u0161olska glasbena vzgojaGlasbena pripravnicaOrkestri Ocenjevanjeizpiti \u0160olski koledar (s klikom na POUK, se odpre cel tale okvir\u010dek, s klikom na posamezno alinejo na levi pa se premakne bralec na izbrano temo) POTEK POUKA IN\u0160TRUMENTA IN PETJA Pouk in\u0161trumentov in petja poteka individualno, praviloma dvakrat tedensko po 30 [&hellip;]<\/p>\n","protected":false},"author":1,"featured_media":0,"parent":0,"menu_order":0,"comment_status":"closed","ping_status":"closed","template":"","meta":{"footnotes":""},"class_list":["post-324","page","type-page","status-publish","hentry"],"_links":{"self":[{"href":"https:\/\/delo.gsv.si\/index.php?rest_route=\/wp\/v2\/pages\/324","targetHints":{"allow":["GET"]}}],"collection":[{"href":"https:\/\/delo.gsv.si\/index.php?rest_route=\/wp\/v2\/pages"}],"about":[{"href":"https:\/\/delo.gsv.si\/index.php?rest_route=\/wp\/v2\/types\/page"}],"author":[{"embeddable":true,"href":"https:\/\/delo.gsv.si\/index.php?rest_route=\/wp\/v2\/users\/1"}],"replies":[{"embeddable":true,"href":"https:\/\/delo.gsv.si\/index.php?rest_route=%2Fwp%2Fv2%2Fcomments&post=324"}],"version-history":[{"count":1,"href":"https:\/\/delo.gsv.si\/index.php?rest_route=\/wp\/v2\/pages\/324\/revisions"}],"predecessor-version":[{"id":325,"href":"https:\/\/delo.gsv.si\/index.php?rest_route=\/wp\/v2\/pages\/324\/revisions\/325"}],"wp:attachment":[{"href":"https:\/\/delo.gsv.si\/index.php?rest_route=%2Fwp%2Fv2%2Fmedia&parent=324"}],"curies":[{"name":"wp","href":"https:\/\/api.w.org\/{rel}","templated":true}]}}