{"id":322,"date":"2025-07-16T09:58:48","date_gmt":"2025-07-16T09:58:48","guid":{"rendered":"https:\/\/delo.gsv.si\/?page_id=322"},"modified":"2025-07-16T11:43:13","modified_gmt":"2025-07-16T11:43:13","slug":"o-soli","status":"publish","type":"page","link":"https:\/\/delo.gsv.si\/?page_id=322","title":{"rendered":"O \u0161oli"},"content":{"rendered":"\t\t<div data-elementor-type=\"wp-page\" data-elementor-id=\"322\" class=\"elementor elementor-322\" data-elementor-post-type=\"page\">\n\t\t\t\t<div class=\"elementor-element elementor-element-a2efd72 e-con-full e-flex e-con e-parent\" data-id=\"a2efd72\" data-element_type=\"container\" data-e-type=\"container\">\n\t\t\t\t<div class=\"elementor-element elementor-element-aa11199 elementor-widget elementor-widget-image\" data-id=\"aa11199\" data-element_type=\"widget\" data-e-type=\"widget\" data-widget_type=\"image.default\">\n\t\t\t\t<div class=\"elementor-widget-container\">\n\t\t\t\t\t\t\t\t\t\t\t\t\t\t\t<img fetchpriority=\"high\" decoding=\"async\" width=\"2001\" height=\"568\" src=\"https:\/\/delo.gsv.si\/wp-content\/uploads\/2025\/05\/GSV_Web_2021-02.png\" class=\"attachment-full size-full wp-image-151\" alt=\"\" srcset=\"https:\/\/delo.gsv.si\/wp-content\/uploads\/2025\/05\/GSV_Web_2021-02.png 2001w, https:\/\/delo.gsv.si\/wp-content\/uploads\/2025\/05\/GSV_Web_2021-02-300x85.png 300w, https:\/\/delo.gsv.si\/wp-content\/uploads\/2025\/05\/GSV_Web_2021-02-1024x291.png 1024w, https:\/\/delo.gsv.si\/wp-content\/uploads\/2025\/05\/GSV_Web_2021-02-768x218.png 768w, https:\/\/delo.gsv.si\/wp-content\/uploads\/2025\/05\/GSV_Web_2021-02-1536x436.png 1536w\" sizes=\"(max-width: 2001px) 100vw, 2001px\" \/>\t\t\t\t\t\t\t\t\t\t\t\t\t\t\t<\/div>\n\t\t\t\t<\/div>\n\t\t<div class=\"elementor-element elementor-element-4d9e562 e-flex e-con-boxed e-con e-child\" data-id=\"4d9e562\" data-element_type=\"container\" data-e-type=\"container\">\n\t\t\t\t\t<div class=\"e-con-inner\">\n\t\t\t\t<div class=\"elementor-element elementor-element-9befb95 e-n-tabs-mobile elementor-widget elementor-widget-n-tabs\" data-id=\"9befb95\" data-element_type=\"widget\" data-e-type=\"widget\" data-widget_type=\"nested-tabs.default\">\n\t\t\t\t<div class=\"elementor-widget-container\">\n\t\t\t\t\t\t\t<div class=\"e-n-tabs\" data-widget-number=\"163511189\" aria-label=\"Tabs. Open items with Enter or Space, close with Escape and navigate using the Arrow keys.\">\n\t\t\t<div class=\"e-n-tabs-heading\" role=\"tablist\">\n\t\t\t\t\t<button id=\"e-n-tab-title-1635111891\" data-tab-title-id=\"e-n-tab-title-1635111891\" class=\"e-n-tab-title\" aria-selected=\"true\" data-tab-index=\"1\" role=\"tab\" tabindex=\"0\" aria-controls=\"e-n-tab-content-1635111891\" style=\"--n-tabs-title-order: 1;\">\n\t\t\t\t\t\t<span class=\"e-n-tab-title-text\">\n\t\t\t\tOsnovni podatki\t\t\t<\/span>\n\t\t<\/button>\n\t\t\t\t<button id=\"e-n-tab-title-1635111892\" data-tab-title-id=\"e-n-tab-title-1635111892\" class=\"e-n-tab-title\" aria-selected=\"false\" data-tab-index=\"2\" role=\"tab\" tabindex=\"-1\" aria-controls=\"e-n-tab-content-1635111892\" style=\"--n-tabs-title-order: 2;\">\n\t\t\t\t\t\t<span class=\"e-n-tab-title-text\">\n\t\t\t\t\u0160olski okoli\u0161\t\t\t<\/span>\n\t\t<\/button>\n\t\t\t\t<button id=\"e-n-tab-title-1635111893\" data-tab-title-id=\"e-n-tab-title-1635111893\" class=\"e-n-tab-title\" aria-selected=\"false\" data-tab-index=\"3\" role=\"tab\" tabindex=\"-1\" aria-controls=\"e-n-tab-content-1635111893\" style=\"--n-tabs-title-order: 3;\">\n\t\t\t\t\t\t<span class=\"e-n-tab-title-text\">\n\t\t\t\tEnote\t\t\t<\/span>\n\t\t<\/button>\n\t\t\t\t<button id=\"e-n-tab-title-1635111894\" data-tab-title-id=\"e-n-tab-title-1635111894\" class=\"e-n-tab-title\" aria-selected=\"false\" data-tab-index=\"4\" role=\"tab\" tabindex=\"-1\" aria-controls=\"e-n-tab-content-1635111894\" style=\"--n-tabs-title-order: 4;\">\n\t\t\t\t\t\t<span class=\"e-n-tab-title-text\">\n\t\t\t\tSvet \u0161ole\t\t\t<\/span>\n\t\t<\/button>\n\t\t\t\t<button id=\"e-n-tab-title-1635111895\" data-tab-title-id=\"e-n-tab-title-1635111895\" class=\"e-n-tab-title\" aria-selected=\"false\" data-tab-index=\"5\" role=\"tab\" tabindex=\"-1\" aria-controls=\"e-n-tab-content-1635111895\" style=\"--n-tabs-title-order: 5;\">\n\t\t\t\t\t\t<span class=\"e-n-tab-title-text\">\n\t\t\t\tSvet star\u0161ev\t\t\t<\/span>\n\t\t<\/button>\n\t\t\t\t<button id=\"e-n-tab-title-1635111896\" data-tab-title-id=\"e-n-tab-title-1635111896\" class=\"e-n-tab-title\" aria-selected=\"false\" data-tab-index=\"6\" role=\"tab\" tabindex=\"-1\" aria-controls=\"e-n-tab-content-1635111896\" style=\"--n-tabs-title-order: 6;\">\n\t\t\t\t\t\t<span class=\"e-n-tab-title-text\">\n\t\t\t\tPublikacija\t\t\t<\/span>\n\t\t<\/button>\n\t\t\t\t<button id=\"e-n-tab-title-1635111897\" data-tab-title-id=\"e-n-tab-title-1635111897\" class=\"e-n-tab-title\" aria-selected=\"false\" data-tab-index=\"7\" role=\"tab\" tabindex=\"-1\" aria-controls=\"e-n-tab-content-1635111897\" style=\"--n-tabs-title-order: 7;\">\n\t\t\t\t\t\t<span class=\"e-n-tab-title-text\">\n\t\t\t\t\u0160olski koledar\t\t\t<\/span>\n\t\t<\/button>\n\t\t\t\t<button id=\"e-n-tab-title-1635111898\" data-tab-title-id=\"e-n-tab-title-1635111898\" class=\"e-n-tab-title\" aria-selected=\"false\" data-tab-index=\"8\" role=\"tab\" tabindex=\"-1\" aria-controls=\"e-n-tab-content-1635111898\" style=\"--n-tabs-title-order: 8;\">\n\t\t\t\t\t\t<span class=\"e-n-tab-title-text\">\n\t\t\t\tZgodovina\t\t\t<\/span>\n\t\t<\/button>\n\t\t\t\t<button id=\"e-n-tab-title-1635111899\" data-tab-title-id=\"e-n-tab-title-1635111899\" class=\"e-n-tab-title\" aria-selected=\"false\" data-tab-index=\"9\" role=\"tab\" tabindex=\"-1\" aria-controls=\"e-n-tab-content-1635111899\" style=\"--n-tabs-title-order: 9;\">\n\t\t\t\t\t\t<span class=\"e-n-tab-title-text\">\n\t\t\t\tArhiv tekmovanj\t\t\t<\/span>\n\t\t<\/button>\n\t\t\t\t<button id=\"e-n-tab-title-16351118910\" data-tab-title-id=\"e-n-tab-title-16351118910\" class=\"e-n-tab-title\" aria-selected=\"false\" data-tab-index=\"10\" role=\"tab\" tabindex=\"-1\" aria-controls=\"e-n-tab-content-16351118910\" style=\"--n-tabs-title-order: 10;\">\n\t\t\t\t\t\t<span class=\"e-n-tab-title-text\">\n\t\t\t\tVpis\t\t\t<\/span>\n\t\t<\/button>\n\t\t\t\t<button id=\"e-n-tab-title-16351118911\" data-tab-title-id=\"e-n-tab-title-16351118911\" class=\"e-n-tab-title\" aria-selected=\"false\" data-tab-index=\"11\" role=\"tab\" tabindex=\"-1\" aria-controls=\"e-n-tab-content-16351118911\" style=\"--n-tabs-title-order: 11;\">\n\t\t\t\t\t\t<span class=\"e-n-tab-title-text\">\n\t\t\t\tKoncertni bonton\t\t\t<\/span>\n\t\t<\/button>\n\t\t\t\t\t<\/div>\n\t\t\t<div class=\"e-n-tabs-content\">\n\t\t\t\t<div id=\"e-n-tab-content-1635111891\" role=\"tabpanel\" aria-labelledby=\"e-n-tab-title-1635111891\" data-tab-index=\"1\" style=\"--n-tabs-title-order: 1;\" class=\"e-active elementor-element elementor-element-4a5a42e e-con-full e-flex e-con e-child\" data-id=\"4a5a42e\" data-element_type=\"container\" data-e-type=\"container\">\n\t\t\t\t<div class=\"elementor-element elementor-element-d20a25a elementor-widget elementor-widget-text-editor\" data-id=\"d20a25a\" data-element_type=\"widget\" data-e-type=\"widget\" data-widget_type=\"text-editor.default\">\n\t\t\t\t<div class=\"elementor-widget-container\">\n\t\t\t\t\t\t\t\t\t<p>Glasbena \u0161ola Vrhnika\u00a0\u00a0\u00a0\u00a0\u00a0\u00a0\u00a0\u00a0\u00a0\u00a0\u00a0 telefon: 051649432<\/p><p>Trg Karla Grabelj\u0161ka 3\u00a0\u00a0\u00a0\u00a0\u00a0\u00a0\u00a0\u00a0\u00a0\u00a0\u00a0\u00a0 e-mail: <a href=\"mailto:gsv@gsv.si\">gsv@gsv.si<\/a>; <a href=\"mailto:tajnistvo@gsv.si\">tajnistvo@gsv.si<\/a><\/p><p>1360 Vrhnika\u00a0\u00a0\u00a0\u00a0\u00a0\u00a0\u00a0\u00a0\u00a0\u00a0\u00a0\u00a0\u00a0\u00a0\u00a0\u00a0\u00a0\u00a0\u00a0\u00a0\u00a0\u00a0\u00a0\u00a0\u00a0\u00a0\u00a0 dav\u010dna \u0161t.: 16334213<\/p><p>Mati\u010dna \u0161t.: 5009090000<\/p><p>Ravnateljica:\u00a0\u00a0\u00a0\u00a0\u00a0\u00a0\u00a0\u00a0\u00a0\u00a0\u00a0\u00a0\u00a0\u00a0\u00a0\u00a0\u00a0\u00a0\u00a0\u00a0\u00a0\u00a0\u00a0\u00a0\u00a0\u00a0\u00a0\u00a0 Dominika Naver\u0161nik<\/p><p>telefon: 051649437<\/p><p>e-mail: <a href=\"mailto:dominika.naversnik@gsv.si\">dominika.naversnik@gsv.si<\/a><\/p><p>Pomo\u010dnica ravnateljice:\u00a0\u00a0\u00a0\u00a0\u00a0\u00a0\u00a0\u00a0 Nina Dem\u0161ar<\/p><p>telefon: 041384026<\/p><p>e-mail: <a href=\"mailto:nina.demsar@gsv.si\">nina.demsar@gsv.si<\/a><\/p><p>\u00a0<\/p><p>0134 0603 0713 983<\/p><p>BSLJSI2X<\/p>\t\t\t\t\t\t\t\t<\/div>\n\t\t\t\t<\/div>\n\t\t\t\t<\/div>\n\t\t<div id=\"e-n-tab-content-1635111892\" role=\"tabpanel\" aria-labelledby=\"e-n-tab-title-1635111892\" data-tab-index=\"2\" style=\"--n-tabs-title-order: 2;\" class=\" elementor-element elementor-element-f1e1d64 e-con-full e-flex e-con e-child\" data-id=\"f1e1d64\" data-element_type=\"container\" data-e-type=\"container\">\n\t\t\t\t<div class=\"elementor-element elementor-element-4540506 elementor-widget elementor-widget-text-editor\" data-id=\"4540506\" data-element_type=\"widget\" data-e-type=\"widget\" data-widget_type=\"text-editor.default\">\n\t\t\t\t<div class=\"elementor-widget-container\">\n\t\t\t\t\t\t\t\t\t<p><span style=\"font-size: 11.0pt; line-height: 107%; font-family: 'Calibri',sans-serif; mso-ascii-theme-font: minor-latin; mso-fareast-font-family: Calibri; mso-fareast-theme-font: minor-latin; mso-hansi-theme-font: minor-latin; mso-bidi-theme-font: minor-latin; mso-ansi-language: SL; mso-fareast-language: EN-US; mso-bidi-language: AR-SA;\">Glasbena \u0161ola Vrhnika je javni zavod, ki izvaja glasbeno izobra\u017eevanje po javno veljavnih programih Ministrstva za vzgojo in izobra\u017eevanje RS. Ustanoviteljica Glasbene \u0161ole Vrhnika je Ob\u010dina Vrhnika. \u0160olski okoli\u0161 obsega ob\u010dine Vrhnika, Borovnica, Horjul in Log-Dragomer. Pouk poteka na mati\u010dni \u0161oli na Vrhniki in na enotah v Horjulu in Borovnici.<\/span><\/p>\t\t\t\t\t\t\t\t<\/div>\n\t\t\t\t<\/div>\n\t\t\t\t<\/div>\n\t\t<div id=\"e-n-tab-content-1635111893\" role=\"tabpanel\" aria-labelledby=\"e-n-tab-title-1635111893\" data-tab-index=\"3\" style=\"--n-tabs-title-order: 3;\" class=\" elementor-element elementor-element-0cd2176 e-con-full e-flex e-con e-child\" data-id=\"0cd2176\" data-element_type=\"container\" data-e-type=\"container\">\n\t\t\t\t<div class=\"elementor-element elementor-element-4af98f3 elementor-widget elementor-widget-text-editor\" data-id=\"4af98f3\" data-element_type=\"widget\" data-e-type=\"widget\" data-widget_type=\"text-editor.default\">\n\t\t\t\t<div class=\"elementor-widget-container\">\n\t\t\t\t\t\t\t\t\t<table class=\"MsoTableGrid\" style=\"width: 495.9pt; border: none;\" border=\"1\" width=\"661\" cellspacing=\"0\" cellpadding=\"0\">\n<tbody>\n<tr>\n<td style=\"width: 14cm; border-width: 1pt; border-color: windowtext; padding: 0cm 5.4pt;\" valign=\"top\" width=\"529\">\n<p class=\"Standard\"><span style=\"font-family: 'Calibri',sans-serif; mso-ascii-theme-font: minor-latin; mso-hansi-theme-font: minor-latin; mso-bidi-theme-font: minor-latin;\">Mati\u010dna enota: G\u0160 Vrhnika, trg Karla Grabelj\u0161ka 3, 1360 Vrhnika<\/span><\/p>\n<p class=\"Standard\"><span style=\"font-family: 'Calibri',sans-serif; mso-ascii-theme-font: minor-latin; mso-hansi-theme-font: minor-latin; mso-bidi-theme-font: minor-latin;\">Enota Horjul: Prosvetni dom Horjul, Slovenska cesta 12, 1354 Horjul<\/span><\/p>\n<p class=\"Standard\"><span style=\"font-family: 'Calibri',sans-serif; mso-ascii-theme-font: minor-latin; mso-hansi-theme-font: minor-latin; mso-bidi-theme-font: minor-latin;\">Enota Borovnica: Paplerjeva 5 in 15, 1353 Borovnica<\/span><\/p>\n<\/td>\n<\/tr>\n<\/tbody>\n<\/table>\t\t\t\t\t\t\t\t<\/div>\n\t\t\t\t<\/div>\n\t\t\t\t<\/div>\n\t\t<div id=\"e-n-tab-content-1635111894\" role=\"tabpanel\" aria-labelledby=\"e-n-tab-title-1635111894\" data-tab-index=\"4\" style=\"--n-tabs-title-order: 4;\" class=\" elementor-element elementor-element-d6d9d97 e-flex e-con-boxed e-con e-child\" data-id=\"d6d9d97\" data-element_type=\"container\" data-e-type=\"container\">\n\t\t\t\t\t<div class=\"e-con-inner\">\n\t\t\t\t<div class=\"elementor-element elementor-element-ab8962a elementor-widget elementor-widget-text-editor\" data-id=\"ab8962a\" data-element_type=\"widget\" data-e-type=\"widget\" data-widget_type=\"text-editor.default\">\n\t\t\t\t<div class=\"elementor-widget-container\">\n\t\t\t\t\t\t\t\t\t<p>Mandat sveta \u0161ole traja od 17. 11. 2021 do 16. 11. 2025<\/p>\n<p>\u00a0<\/p>\n<p>Sestava sveta \u0161ole:<\/p>\n<p>Predstavniki \u0161ole: Ur\u0161ka Tr\u010dek Lenar\u010di\u010d, (predsednica sveta), Ur\u0161a Kr\u017ei\u010d, (namestnica predsednice), Jasmina \u0160ubic, Miha Plav\u010dak, Jelka Vrhunec Topolovec.<\/p>\n<p>Predstavniki ustanovitelja: Damjana Vrenjak, Sara Stanko, Marjeta Jelov\u0161ek.<\/p>\n<p>Predstavniki star\u0161ev: Sebastjan Kova\u010di\u010d, Ana Bokali\u010d, Matej Vidrih. <\/p>\t\t\t\t\t\t\t\t<\/div>\n\t\t\t\t<\/div>\n\t\t\t\t\t<\/div>\n\t\t\t\t<\/div>\n\t\t<div id=\"e-n-tab-content-1635111895\" role=\"tabpanel\" aria-labelledby=\"e-n-tab-title-1635111895\" data-tab-index=\"5\" style=\"--n-tabs-title-order: 5;\" class=\" elementor-element elementor-element-245b489 e-flex e-con-boxed e-con e-child\" data-id=\"245b489\" data-element_type=\"container\" data-e-type=\"container\">\n\t\t\t\t\t<div class=\"e-con-inner\">\n\t\t\t\t<div class=\"elementor-element elementor-element-f3e6244 elementor-widget elementor-widget-text-editor\" data-id=\"f3e6244\" data-element_type=\"widget\" data-e-type=\"widget\" data-widget_type=\"text-editor.default\">\n\t\t\t\t<div class=\"elementor-widget-container\">\n\t\t\t\t\t\t\t\t\t<p>Mandat sveta star\u0161ev traja eno \u0161olsko leto.<\/p>\n<p>\u00a0<\/p>\n<p>Sestava sveta star\u0161ev:<\/p>\n<p>PRED\u0160OLSKA GLASBENA VZGOJA: Marko Bu\u010dek<\/p>\n<p>GLASBENA PRIPRAVNICA: Peter Dra\u0161ler<\/p>\n<p>PLESNA PRIPRAVNICA: Sta\u0161a Ana Jereb<br \/>GODALA: Sebastian Kova\u010di\u010d<br \/>HARMONIKA: Jasna Krmec<br \/>KITARA: Andrej Nagode<br \/>KLAVIR: Robert Gartner<br \/>PIHALA, TROBILA, TOLKALA: Mateja Bo\u017enar <br \/>PLES: Barbara \u017dakelj<br \/>BOROVNICA: Ana Bokali\u010d<br \/>HORJUL: Teja Oblak Miklav\u010di\u010d<\/p>\n<p>\u00a0<\/p>\t\t\t\t\t\t\t\t<\/div>\n\t\t\t\t<\/div>\n\t\t\t\t\t<\/div>\n\t\t\t\t<\/div>\n\t\t<div id=\"e-n-tab-content-1635111896\" role=\"tabpanel\" aria-labelledby=\"e-n-tab-title-1635111896\" data-tab-index=\"6\" style=\"--n-tabs-title-order: 6;\" class=\" elementor-element elementor-element-aa60c1d e-flex e-con-boxed e-con e-child\" data-id=\"aa60c1d\" data-element_type=\"container\" data-e-type=\"container\">\n\t\t\t\t\t<div class=\"e-con-inner\">\n\t\t\t\t\t<\/div>\n\t\t\t\t<\/div>\n\t\t<div id=\"e-n-tab-content-1635111897\" role=\"tabpanel\" aria-labelledby=\"e-n-tab-title-1635111897\" data-tab-index=\"7\" style=\"--n-tabs-title-order: 7;\" class=\" elementor-element elementor-element-1892782 e-flex e-con-boxed e-con e-child\" data-id=\"1892782\" data-element_type=\"container\" data-e-type=\"container\">\n\t\t\t\t\t<div class=\"e-con-inner\">\n\t\t\t\t\t<\/div>\n\t\t\t\t<\/div>\n\t\t<div id=\"e-n-tab-content-1635111898\" role=\"tabpanel\" aria-labelledby=\"e-n-tab-title-1635111898\" data-tab-index=\"8\" style=\"--n-tabs-title-order: 8;\" class=\" elementor-element elementor-element-3bd2c37 e-flex e-con-boxed e-con e-child\" data-id=\"3bd2c37\" data-element_type=\"container\" data-e-type=\"container\">\n\t\t\t\t\t<div class=\"e-con-inner\">\n\t\t\t\t\t<\/div>\n\t\t\t\t<\/div>\n\t\t<div id=\"e-n-tab-content-1635111899\" role=\"tabpanel\" aria-labelledby=\"e-n-tab-title-1635111899\" data-tab-index=\"9\" style=\"--n-tabs-title-order: 9;\" class=\" elementor-element elementor-element-0837c4a e-flex e-con-boxed e-con e-child\" data-id=\"0837c4a\" data-element_type=\"container\" data-e-type=\"container\">\n\t\t\t\t\t<div class=\"e-con-inner\">\n\t\t\t\t\t<\/div>\n\t\t\t\t<\/div>\n\t\t<div id=\"e-n-tab-content-16351118910\" role=\"tabpanel\" aria-labelledby=\"e-n-tab-title-16351118910\" data-tab-index=\"10\" style=\"--n-tabs-title-order: 10;\" class=\" elementor-element elementor-element-dd7fbbf e-flex e-con-boxed e-con e-child\" data-id=\"dd7fbbf\" data-element_type=\"container\" data-e-type=\"container\">\n\t\t\t\t\t<div class=\"e-con-inner\">\n\t\t\t\t\t<\/div>\n\t\t\t\t<\/div>\n\t\t<div id=\"e-n-tab-content-16351118911\" role=\"tabpanel\" aria-labelledby=\"e-n-tab-title-16351118911\" data-tab-index=\"11\" style=\"--n-tabs-title-order: 11;\" class=\" elementor-element elementor-element-71e154e e-flex e-con-boxed e-con e-child\" data-id=\"71e154e\" data-element_type=\"container\" data-e-type=\"container\">\n\t\t\t\t\t<div class=\"e-con-inner\">\n\t\t\t\t\t<\/div>\n\t\t\t\t<\/div>\n\t\t\t\t\t<\/div>\n\t\t<\/div>\n\t\t\t\t\t\t<\/div>\n\t\t\t\t<\/div>\n\t\t\t\t\t<\/div>\n\t\t\t\t<\/div>\n\t\t\t\t<\/div>\n\t\t<div class=\"elementor-element elementor-element-273ead68 e-flex e-con-boxed e-con e-parent\" data-id=\"273ead68\" data-element_type=\"container\" data-e-type=\"container\">\n\t\t\t\t\t<div class=\"e-con-inner\">\n\t\t\t\t\t<\/div>\n\t\t\t\t<\/div>\n\t\t\t\t<\/div>\n\t\t","protected":false},"excerpt":{"rendered":"<p>Osnovni podatki \u0160olski okoli\u0161 Enote Svet \u0161ole Svet star\u0161ev Publikacija \u0160olski koledar Zgodovina Arhiv tekmovanj Vpis Koncertni bonton Glasbena \u0161ola Vrhnika\u00a0\u00a0\u00a0\u00a0\u00a0\u00a0\u00a0\u00a0\u00a0\u00a0\u00a0 telefon: 051649432 Trg Karla Grabelj\u0161ka 3\u00a0\u00a0\u00a0\u00a0\u00a0\u00a0\u00a0\u00a0\u00a0\u00a0\u00a0\u00a0 e-mail: gsv@gsv.si; tajnistvo@gsv.si 1360 Vrhnika\u00a0\u00a0\u00a0\u00a0\u00a0\u00a0\u00a0\u00a0\u00a0\u00a0\u00a0\u00a0\u00a0\u00a0\u00a0\u00a0\u00a0\u00a0\u00a0\u00a0\u00a0\u00a0\u00a0\u00a0\u00a0\u00a0\u00a0 dav\u010dna \u0161t.: 16334213 Mati\u010dna \u0161t.: 5009090000 Ravnateljica:\u00a0\u00a0\u00a0\u00a0\u00a0\u00a0\u00a0\u00a0\u00a0\u00a0\u00a0\u00a0\u00a0\u00a0\u00a0\u00a0\u00a0\u00a0\u00a0\u00a0\u00a0\u00a0\u00a0\u00a0\u00a0\u00a0\u00a0\u00a0 Dominika Naver\u0161nik telefon: 051649437 e-mail: dominika.naversnik@gsv.si Pomo\u010dnica ravnateljice:\u00a0\u00a0\u00a0\u00a0\u00a0\u00a0\u00a0\u00a0 Nina Dem\u0161ar telefon: 041384026 e-mail: nina.demsar@gsv.si \u00a0 0134 [&hellip;]<\/p>\n","protected":false},"author":1,"featured_media":0,"parent":0,"menu_order":0,"comment_status":"closed","ping_status":"closed","template":"","meta":{"footnotes":""},"class_list":["post-322","page","type-page","status-publish","hentry"],"_links":{"self":[{"href":"https:\/\/delo.gsv.si\/index.php?rest_route=\/wp\/v2\/pages\/322","targetHints":{"allow":["GET"]}}],"collection":[{"href":"https:\/\/delo.gsv.si\/index.php?rest_route=\/wp\/v2\/pages"}],"about":[{"href":"https:\/\/delo.gsv.si\/index.php?rest_route=\/wp\/v2\/types\/page"}],"author":[{"embeddable":true,"href":"https:\/\/delo.gsv.si\/index.php?rest_route=\/wp\/v2\/users\/1"}],"replies":[{"embeddable":true,"href":"https:\/\/delo.gsv.si\/index.php?rest_route=%2Fwp%2Fv2%2Fcomments&post=322"}],"version-history":[{"count":83,"href":"https:\/\/delo.gsv.si\/index.php?rest_route=\/wp\/v2\/pages\/322\/revisions"}],"predecessor-version":[{"id":484,"href":"https:\/\/delo.gsv.si\/index.php?rest_route=\/wp\/v2\/pages\/322\/revisions\/484"}],"wp:attachment":[{"href":"https:\/\/delo.gsv.si\/index.php?rest_route=%2Fwp%2Fv2%2Fmedia&parent=322"}],"curies":[{"name":"wp","href":"https:\/\/api.w.org\/{rel}","templated":true}]}}